{"id":2,"date":"2022-02-16T05:10:51","date_gmt":"2022-02-16T04:10:51","guid":{"rendered":"http:\/\/hdj.com.pl\/?page_id=2"},"modified":"2022-02-16T17:15:58","modified_gmt":"2022-02-16T16:15:58","slug":"przykladowa-strona","status":"publish","type":"page","link":"https:\/\/hdj.com.pl\/?page_id=2","title":{"rendered":"Oferta"},"content":{"rendered":"\n<p>Oferujemy kompleksowe i profesjonalne wsparcie na ka\u017cdym etapie inwestycji. \u015awiadczymy us\u0142ugi dla podmiot\u00f3w sektora finans\u00f3w publicznych oraz dla firm prywatnych w zakresie prowadzenia Nadzoru Inwestorskiego, Inwestora Zast\u0119pczego, In\u017cyniera Kontraktu, Menad\u017cera Projektu jak r\u00f3wnie\u017c rozliczenia finansowego projekt\u00f3w dofinansowanych ze \u015brodk\u00f3w unijnych.<\/p>\n\n\n\n<p><strong>Inwestor Zast\u0119pczy<\/strong><\/p>\n\n\n\n<ul class=\"wp-block-list\"><li>Weryfikacja dokumentacji projektowej;<\/li><li>Doradztwo w kwestii doboru najlepszej formu\u0142y realizacji rob\u00f3t;<\/li><li>Przeprowadzanie post\u0119powania na wyb\u00f3r wykonawcy rob\u00f3t;<\/li><li>Opracowanie systemu zarz\u0105dzania procesem budowlanym;<\/li><li>Reprezentacja Inwestora na budowie;<\/li><li>Organizacja narady budowy, sporz\u0105dzanie protoko\u0142u z narad, kontrola Dziennika Budowy;<\/li><li>Monitoring post\u0119pu rob\u00f3t, aktualizacja harmonogramu;<\/li><li>Kontrola rozlicze\u0144;<\/li><li>Uzgodnienia z odpowiednimi organami i urz\u0119dami;<\/li><li>Przeprowadzanie niezb\u0119dnych czynno\u015bci odbiorowych i uzyskiwanie pozwolenia na u\u017cytkowanie;<\/li><li>W przypadku inwestycji dofinansowanych ze \u015brodk\u00f3w zewn\u0119trznych zapewnienie kompleksowej obs\u0142ugi w zakresie sprawozdawczo\u015bci i rozliczenia otrzymanych \u015brodk\u00f3w;<\/li><li>Wykonywanie przegl\u0105d\u00f3w gwarancyjnych.<\/li><\/ul>\n\n\n\n<p><strong>In\u017cynier Kontraktu<\/strong><\/p>\n\n\n\n<ul class=\"wp-block-list\"><li>Zarz\u0105dzanie procesem budowlanym;<\/li><li>Organizacja narad koordynacyjnych;<\/li><li>Ocen\u0119 dokumentacji projektowej i obs\u0142uga nadzoru autorskiego;<\/li><li>Nadz\u00f3r inwestorski;<\/li><li>Weryfikacja harmonogram\u00f3w i sta\u0142y monitoring koszt\u00f3w inwestycji;<\/li><li>Przeprowadzenie niezb\u0119dnych czynno\u015bci odbiorowych;<\/li><li>Doradztwo i rozliczanie w zakresie otrzymanych dofinansowa\u0144 ze \u015brodk\u00f3w zewn\u0119trznych;<\/li><\/ul>\n\n\n\n<p><strong>Nadz\u00f3r Inwestorski<\/strong><\/p>\n\n\n\n<ul class=\"wp-block-list\"><li>Reprezentowanie Inwestora na budowie zgodnie z ustaw\u0105 Prawo Budowlane;<\/li><li>Organizacj\u0119 narad koordynacyjnych;<\/li><li>Zatrudnienie niezb\u0119dnych inspektor\u00f3w nadzoru (r\u00f3wnie\u017c z do\u015bwiadczeniem na obiektach zabytkowych);<\/li><li>Odbiory cz\u0119\u015bciowe i odbi\u00f3r ko\u0144cowy;<\/li><li>Rozliczenie inwestycji.<\/li><\/ul>\n\n\n\n<p class=\"has-text-align-center has-primary-color has-text-color\">Naszym celem jest zrealizowanie projektu zgodnie z wysokimi oczekiwaniami inwestora, obowi\u0105zuj\u0105cymi przepisami prawa oraz wysok\u0105 jako\u015bci\u0105 wykonania. Dbamy o to, aby wszystkie prace by\u0142y prowadzone zgodnie z dokumentacj\u0105 i przy wysokiej jako\u015bci i nale\u017cytej staranno\u015bci. Weryfikujemy budow\u0119 zar\u00f3wno pod k\u0105tem technicznym, jak i finansowym.<\/p>\n\n\n\n<p class=\"has-text-align-center has-primary-color has-text-color\">W HDJ Sp. z o.o. wiemy, \u017ce dobre zarz\u0105dzanie to oszcz\u0119dno\u015b\u0107 czasu i pieni\u0119dzy, rozumiemy cele naszych Klient\u00f3w i warunki, w jakich dzia\u0142aj\u0105. Rekomendujemy najbardziej optymalne rozwi\u0105zania, ograniczamy ryzyko, wspieramy i osi\u0105gamy wyznaczone cele.<\/p>\n","protected":false},"excerpt":{"rendered":"<p>Oferujemy kompleksowe i profesjonalne wsparcie na ka\u017cdym etapie inwestycji. \u015awiadczymy us\u0142ugi dla podmiot\u00f3w sektora finans\u00f3w publicznych oraz dla firm prywatnych w zakresie prowadzenia Nadzoru Inwestorskiego, Inwestora Zast\u0119pczego, In\u017cyniera Kontraktu, Menad\u017cera Projektu jak r\u00f3wnie\u017c rozliczenia finansowego projekt\u00f3w dofinansowanych ze \u015brodk\u00f3w unijnych. Inwestor Zast\u0119pczy Weryfikacja dokumentacji projektowej; Doradztwo w kwestii doboru najlepszej &hellip;<\/p>\n","protected":false},"author":2,"featured_media":0,"parent":0,"menu_order":0,"comment_status":"closed","ping_status":"open","template":"","meta":{"footnotes":""},"class_list":["post-2","page","type-page","status-publish","hentry"],"yoast_head":"<!-- This site is optimized with the Yoast SEO plugin v18.1 - https:\/\/yoast.com\/wordpress\/plugins\/seo\/ -->\n<title>Oferta -<\/title>\n<meta name=\"robots\" content=\"index, follow, max-snippet:-1, max-image-preview:large, max-video-preview:-1\" \/>\n<link rel=\"canonical\" href=\"https:\/\/hdj.com.pl\/?page_id=2\" \/>\n<meta property=\"og:locale\" content=\"en_US\" \/>\n<meta property=\"og:type\" content=\"article\" \/>\n<meta property=\"og:title\" content=\"Oferta -\" \/>\n<meta property=\"og:description\" content=\"Oferujemy kompleksowe i profesjonalne wsparcie na ka\u017cdym etapie inwestycji. \u015awiadczymy us\u0142ugi dla podmiot\u00f3w sektora finans\u00f3w publicznych oraz dla firm prywatnych w zakresie prowadzenia Nadzoru Inwestorskiego, Inwestora Zast\u0119pczego, In\u017cyniera Kontraktu, Menad\u017cera Projektu jak r\u00f3wnie\u017c rozliczenia finansowego projekt\u00f3w dofinansowanych ze \u015brodk\u00f3w unijnych. Inwestor Zast\u0119pczy Weryfikacja dokumentacji projektowej; Doradztwo w kwestii doboru najlepszej &hellip;\" \/>\n<meta property=\"og:url\" content=\"https:\/\/hdj.com.pl\/?page_id=2\" \/>\n<meta property=\"article:modified_time\" content=\"2022-02-16T16:15:58+00:00\" \/>\n<meta name=\"twitter:card\" content=\"summary_large_image\" \/>\n<meta name=\"twitter:label1\" content=\"Est. reading time\" \/>\n\t<meta name=\"twitter:data1\" content=\"2 minutes\" \/>\n<script type=\"application\/ld+json\" class=\"yoast-schema-graph\">{\"@context\":\"https:\/\/schema.org\",\"@graph\":[{\"@type\":\"WebSite\",\"@id\":\"http:\/\/hdj.com.pl\/#website\",\"url\":\"http:\/\/hdj.com.pl\/\",\"name\":\"\",\"description\":\"\",\"potentialAction\":[{\"@type\":\"SearchAction\",\"target\":{\"@type\":\"EntryPoint\",\"urlTemplate\":\"http:\/\/hdj.com.pl\/?s={search_term_string}\"},\"query-input\":\"required name=search_term_string\"}],\"inLanguage\":\"en-US\"},{\"@type\":\"WebPage\",\"@id\":\"https:\/\/hdj.com.pl\/?page_id=2#webpage\",\"url\":\"https:\/\/hdj.com.pl\/?page_id=2\",\"name\":\"Oferta -\",\"isPartOf\":{\"@id\":\"http:\/\/hdj.com.pl\/#website\"},\"datePublished\":\"2022-02-16T04:10:51+00:00\",\"dateModified\":\"2022-02-16T16:15:58+00:00\",\"breadcrumb\":{\"@id\":\"https:\/\/hdj.com.pl\/?page_id=2#breadcrumb\"},\"inLanguage\":\"en-US\",\"potentialAction\":[{\"@type\":\"ReadAction\",\"target\":[\"https:\/\/hdj.com.pl\/?page_id=2\"]}]},{\"@type\":\"BreadcrumbList\",\"@id\":\"https:\/\/hdj.com.pl\/?page_id=2#breadcrumb\",\"itemListElement\":[{\"@type\":\"ListItem\",\"position\":1,\"name\":\"Home\",\"item\":\"http:\/\/hdj.com.pl\/\"},{\"@type\":\"ListItem\",\"position\":2,\"name\":\"Oferta\"}]}]}<\/script>\n<!-- \/ Yoast SEO plugin. -->","yoast_head_json":{"title":"Oferta -","robots":{"index":"index","follow":"follow","max-snippet":"max-snippet:-1","max-image-preview":"max-image-preview:large","max-video-preview":"max-video-preview:-1"},"canonical":"https:\/\/hdj.com.pl\/?page_id=2","og_locale":"en_US","og_type":"article","og_title":"Oferta -","og_description":"Oferujemy kompleksowe i profesjonalne wsparcie na ka\u017cdym etapie inwestycji. \u015awiadczymy us\u0142ugi dla podmiot\u00f3w sektora finans\u00f3w publicznych oraz dla firm prywatnych w zakresie prowadzenia Nadzoru Inwestorskiego, Inwestora Zast\u0119pczego, In\u017cyniera Kontraktu, Menad\u017cera Projektu jak r\u00f3wnie\u017c rozliczenia finansowego projekt\u00f3w dofinansowanych ze \u015brodk\u00f3w unijnych. Inwestor Zast\u0119pczy Weryfikacja dokumentacji projektowej; Doradztwo w kwestii doboru najlepszej &hellip;","og_url":"https:\/\/hdj.com.pl\/?page_id=2","article_modified_time":"2022-02-16T16:15:58+00:00","twitter_card":"summary_large_image","twitter_misc":{"Est. reading time":"2 minutes"},"schema":{"@context":"https:\/\/schema.org","@graph":[{"@type":"WebSite","@id":"http:\/\/hdj.com.pl\/#website","url":"http:\/\/hdj.com.pl\/","name":"","description":"","potentialAction":[{"@type":"SearchAction","target":{"@type":"EntryPoint","urlTemplate":"http:\/\/hdj.com.pl\/?s={search_term_string}"},"query-input":"required name=search_term_string"}],"inLanguage":"en-US"},{"@type":"WebPage","@id":"https:\/\/hdj.com.pl\/?page_id=2#webpage","url":"https:\/\/hdj.com.pl\/?page_id=2","name":"Oferta -","isPartOf":{"@id":"http:\/\/hdj.com.pl\/#website"},"datePublished":"2022-02-16T04:10:51+00:00","dateModified":"2022-02-16T16:15:58+00:00","breadcrumb":{"@id":"https:\/\/hdj.com.pl\/?page_id=2#breadcrumb"},"inLanguage":"en-US","potentialAction":[{"@type":"ReadAction","target":["https:\/\/hdj.com.pl\/?page_id=2"]}]},{"@type":"BreadcrumbList","@id":"https:\/\/hdj.com.pl\/?page_id=2#breadcrumb","itemListElement":[{"@type":"ListItem","position":1,"name":"Home","item":"http:\/\/hdj.com.pl\/"},{"@type":"ListItem","position":2,"name":"Oferta"}]}]}},"_links":{"self":[{"href":"https:\/\/hdj.com.pl\/index.php?rest_route=\/wp\/v2\/pages\/2","targetHints":{"allow":["GET"]}}],"collection":[{"href":"https:\/\/hdj.com.pl\/index.php?rest_route=\/wp\/v2\/pages"}],"about":[{"href":"https:\/\/hdj.com.pl\/index.php?rest_route=\/wp\/v2\/types\/page"}],"author":[{"embeddable":true,"href":"https:\/\/hdj.com.pl\/index.php?rest_route=\/wp\/v2\/users\/2"}],"replies":[{"embeddable":true,"href":"https:\/\/hdj.com.pl\/index.php?rest_route=%2Fwp%2Fv2%2Fcomments&post=2"}],"version-history":[{"count":4,"href":"https:\/\/hdj.com.pl\/index.php?rest_route=\/wp\/v2\/pages\/2\/revisions"}],"predecessor-version":[{"id":53,"href":"https:\/\/hdj.com.pl\/index.php?rest_route=\/wp\/v2\/pages\/2\/revisions\/53"}],"wp:attachment":[{"href":"https:\/\/hdj.com.pl\/index.php?rest_route=%2Fwp%2Fv2%2Fmedia&parent=2"}],"curies":[{"name":"wp","href":"https:\/\/api.w.org\/{rel}","templated":true}]}}