{"id":109,"date":"2022-02-18T21:07:21","date_gmt":"2022-02-18T20:07:21","guid":{"rendered":"http:\/\/hdj.com.pl\/?page_id=109"},"modified":"2022-02-21T21:02:56","modified_gmt":"2022-02-21T20:02:56","slug":"o-nas","status":"publish","type":"page","link":"https:\/\/hdj.com.pl\/","title":{"rendered":"O nas"},"content":{"rendered":"\n<p>O nas<\/p>\n\n\n\n<ul class=\"wp-block-list\"><li>Naszym celem jest zrealizowanie projektu zgodnie z&nbsp;wysokimi oczekiwaniami inwestora, obowi\u0105zuj\u0105cymi przepisami prawa oraz wysok\u0105 jako\u015bci\u0105 wykonania. Dbamy o&nbsp;to, aby wszystkie prace by\u0142y prowadzone zgodnie z&nbsp;dokumentacj\u0105 i&nbsp;przy wysokiej jako\u015bci i&nbsp;nale\u017cytej staranno\u015bci. Weryfikujemy budow\u0119 zar\u00f3wno pod k\u0105tem technicznym, jak i&nbsp;finansowym.<\/li><li>Oferujemy kompleksowe i&nbsp;profesjonalne wsparcie na ka\u017cdym etapie inwestycji. \u015awiadczymy us\u0142ugi w&nbsp;zakresie prowadzenia Nadzoru Inwestorskiego, Inwestora Zast\u0119pczego, In\u017cyniera Kontraktu, Menad\u017cera Projektu. Nasz zesp\u00f3\u0142 doskonale wie, \u017ce dobre zarz\u0105dzanie to oszcz\u0119dno\u015b\u0107 czasu i&nbsp;pieni\u0119dzy, rozumiemy cele naszych Klient\u00f3w i&nbsp;warunki, w&nbsp;jakich dzia\u0142aj\u0105.<\/li><li>Rekomendujemy najbardziej optymalne rozwi\u0105zania, ograniczamy ryzyko, wspieramy i&nbsp;osi\u0105gamy wyznaczone cele.<\/li><\/ul>\n\n\n\n<figure class=\"wp-block-gallery has-nested-images columns-default is-cropped wp-block-gallery-1 is-layout-flex wp-block-gallery-is-layout-flex\">\n<figure class=\"wp-block-image size-large\"><img loading=\"lazy\" decoding=\"async\" width=\"1024\" height=\"683\" data-id=\"119\" src=\"http:\/\/hdj.com.pl\/wp-content\/uploads\/2022\/02\/matt-reames-U6WuKgCYbKE-unsplash-1-5-1024x683.jpg\" alt=\"\" class=\"wp-image-119\" srcset=\"https:\/\/hdj.com.pl\/wp-content\/uploads\/2022\/02\/matt-reames-U6WuKgCYbKE-unsplash-1-5-1024x683.jpg 1024w, https:\/\/hdj.com.pl\/wp-content\/uploads\/2022\/02\/matt-reames-U6WuKgCYbKE-unsplash-1-5-300x200.jpg 300w, https:\/\/hdj.com.pl\/wp-content\/uploads\/2022\/02\/matt-reames-U6WuKgCYbKE-unsplash-1-5-768x512.jpg 768w, https:\/\/hdj.com.pl\/wp-content\/uploads\/2022\/02\/matt-reames-U6WuKgCYbKE-unsplash-1-5-1536x1024.jpg 1536w, https:\/\/hdj.com.pl\/wp-content\/uploads\/2022\/02\/matt-reames-U6WuKgCYbKE-unsplash-1-5-2048x1365.jpg 2048w, https:\/\/hdj.com.pl\/wp-content\/uploads\/2022\/02\/matt-reames-U6WuKgCYbKE-unsplash-1-5-430x287.jpg 430w\" sizes=\"auto, (max-width: 1024px) 100vw, 1024px\" \/><\/figure>\n\n\n\n<figure class=\"wp-block-image size-large\"><img loading=\"lazy\" decoding=\"async\" width=\"1024\" height=\"683\" data-id=\"120\" src=\"http:\/\/hdj.com.pl\/wp-content\/uploads\/2022\/02\/lance-anderson-QdAAasrZhdk-unsplash-1-1024x683.jpg\" alt=\"\" class=\"wp-image-120\" srcset=\"https:\/\/hdj.com.pl\/wp-content\/uploads\/2022\/02\/lance-anderson-QdAAasrZhdk-unsplash-1-1024x683.jpg 1024w, https:\/\/hdj.com.pl\/wp-content\/uploads\/2022\/02\/lance-anderson-QdAAasrZhdk-unsplash-1-300x200.jpg 300w, https:\/\/hdj.com.pl\/wp-content\/uploads\/2022\/02\/lance-anderson-QdAAasrZhdk-unsplash-1-768x512.jpg 768w, https:\/\/hdj.com.pl\/wp-content\/uploads\/2022\/02\/lance-anderson-QdAAasrZhdk-unsplash-1-1536x1024.jpg 1536w, https:\/\/hdj.com.pl\/wp-content\/uploads\/2022\/02\/lance-anderson-QdAAasrZhdk-unsplash-1-2048x1365.jpg 2048w, https:\/\/hdj.com.pl\/wp-content\/uploads\/2022\/02\/lance-anderson-QdAAasrZhdk-unsplash-1-430x287.jpg 430w\" sizes=\"auto, (max-width: 1024px) 100vw, 1024px\" \/><\/figure>\n\n\n\n<figure class=\"wp-block-image size-large\"><img loading=\"lazy\" decoding=\"async\" width=\"819\" height=\"1024\" data-id=\"129\" src=\"http:\/\/hdj.com.pl\/wp-content\/uploads\/2022\/02\/james-sullivan-ESZRBtkQ_f8-unsplash-1-819x1024.jpg\" alt=\"\" class=\"wp-image-129\" srcset=\"https:\/\/hdj.com.pl\/wp-content\/uploads\/2022\/02\/james-sullivan-ESZRBtkQ_f8-unsplash-1-819x1024.jpg 819w, https:\/\/hdj.com.pl\/wp-content\/uploads\/2022\/02\/james-sullivan-ESZRBtkQ_f8-unsplash-1-240x300.jpg 240w, https:\/\/hdj.com.pl\/wp-content\/uploads\/2022\/02\/james-sullivan-ESZRBtkQ_f8-unsplash-1-768x960.jpg 768w, https:\/\/hdj.com.pl\/wp-content\/uploads\/2022\/02\/james-sullivan-ESZRBtkQ_f8-unsplash-1-1229x1536.jpg 1229w, https:\/\/hdj.com.pl\/wp-content\/uploads\/2022\/02\/james-sullivan-ESZRBtkQ_f8-unsplash-1-1638x2048.jpg 1638w, https:\/\/hdj.com.pl\/wp-content\/uploads\/2022\/02\/james-sullivan-ESZRBtkQ_f8-unsplash-1-280x350.jpg 280w, https:\/\/hdj.com.pl\/wp-content\/uploads\/2022\/02\/james-sullivan-ESZRBtkQ_f8-unsplash-1-scaled.jpg 2048w\" sizes=\"auto, (max-width: 819px) 100vw, 819px\" \/><\/figure>\n<\/figure>\n\n\n\n<p><\/p>\n","protected":false},"excerpt":{"rendered":"<p>O nas Naszym celem jest zrealizowanie projektu zgodnie z&nbsp;wysokimi oczekiwaniami inwestora, obowi\u0105zuj\u0105cymi przepisami prawa oraz wysok\u0105 jako\u015bci\u0105 wykonania. Dbamy o&nbsp;to, aby wszystkie prace by\u0142y prowadzone zgodnie z&nbsp;dokumentacj\u0105 i&nbsp;przy wysokiej jako\u015bci i&nbsp;nale\u017cytej staranno\u015bci. Weryfikujemy budow\u0119 zar\u00f3wno pod k\u0105tem technicznym, jak i&nbsp;finansowym. Oferujemy kompleksowe i&nbsp;profesjonalne wsparcie na ka\u017cdym etapie inwestycji. \u015awiadczymy us\u0142ugi &hellip;<\/p>\n","protected":false},"author":2,"featured_media":0,"parent":0,"menu_order":0,"comment_status":"closed","ping_status":"closed","template":"","meta":{"footnotes":""},"class_list":["post-109","page","type-page","status-publish","hentry"],"yoast_head":"<!-- This site is optimized with the Yoast SEO plugin v18.1 - https:\/\/yoast.com\/wordpress\/plugins\/seo\/ -->\n<title>O nas -<\/title>\n<meta name=\"robots\" content=\"index, follow, max-snippet:-1, max-image-preview:large, max-video-preview:-1\" \/>\n<link rel=\"canonical\" href=\"http:\/\/hdj.com.pl\/\" \/>\n<meta property=\"og:locale\" content=\"en_US\" \/>\n<meta property=\"og:type\" content=\"article\" \/>\n<meta property=\"og:title\" content=\"O nas -\" \/>\n<meta property=\"og:description\" content=\"O nas Naszym celem jest zrealizowanie projektu zgodnie z&nbsp;wysokimi oczekiwaniami inwestora, obowi\u0105zuj\u0105cymi przepisami prawa oraz wysok\u0105 jako\u015bci\u0105 wykonania. Dbamy o&nbsp;to, aby wszystkie prace by\u0142y prowadzone zgodnie z&nbsp;dokumentacj\u0105 i&nbsp;przy wysokiej jako\u015bci i&nbsp;nale\u017cytej staranno\u015bci. Weryfikujemy budow\u0119 zar\u00f3wno pod k\u0105tem technicznym, jak i&nbsp;finansowym. Oferujemy kompleksowe i&nbsp;profesjonalne wsparcie na ka\u017cdym etapie inwestycji. \u015awiadczymy us\u0142ugi &hellip;\" \/>\n<meta property=\"og:url\" content=\"http:\/\/hdj.com.pl\/\" \/>\n<meta property=\"article:modified_time\" content=\"2022-02-21T20:02:56+00:00\" \/>\n<meta property=\"og:image\" content=\"http:\/\/hdj.com.pl\/wp-content\/uploads\/2022\/02\/matt-reames-U6WuKgCYbKE-unsplash-1-5-1024x683.jpg\" \/>\n<meta name=\"twitter:card\" content=\"summary_large_image\" \/>\n<meta name=\"twitter:label1\" content=\"Est. reading time\" \/>\n\t<meta name=\"twitter:data1\" content=\"2 minutes\" \/>\n<script type=\"application\/ld+json\" class=\"yoast-schema-graph\">{\"@context\":\"https:\/\/schema.org\",\"@graph\":[{\"@type\":\"WebSite\",\"@id\":\"http:\/\/hdj.com.pl\/#website\",\"url\":\"http:\/\/hdj.com.pl\/\",\"name\":\"\",\"description\":\"\",\"potentialAction\":[{\"@type\":\"SearchAction\",\"target\":{\"@type\":\"EntryPoint\",\"urlTemplate\":\"http:\/\/hdj.com.pl\/?s={search_term_string}\"},\"query-input\":\"required name=search_term_string\"}],\"inLanguage\":\"en-US\"},{\"@type\":\"ImageObject\",\"@id\":\"http:\/\/hdj.com.pl\/#primaryimage\",\"inLanguage\":\"en-US\",\"url\":\"http:\/\/hdj.com.pl\/wp-content\/uploads\/2022\/02\/matt-reames-U6WuKgCYbKE-unsplash-1-5-1024x683.jpg\",\"contentUrl\":\"http:\/\/hdj.com.pl\/wp-content\/uploads\/2022\/02\/matt-reames-U6WuKgCYbKE-unsplash-1-5-1024x683.jpg\"},{\"@type\":\"WebPage\",\"@id\":\"http:\/\/hdj.com.pl\/#webpage\",\"url\":\"http:\/\/hdj.com.pl\/\",\"name\":\"O nas -\",\"isPartOf\":{\"@id\":\"http:\/\/hdj.com.pl\/#website\"},\"primaryImageOfPage\":{\"@id\":\"http:\/\/hdj.com.pl\/#primaryimage\"},\"datePublished\":\"2022-02-18T20:07:21+00:00\",\"dateModified\":\"2022-02-21T20:02:56+00:00\",\"breadcrumb\":{\"@id\":\"http:\/\/hdj.com.pl\/#breadcrumb\"},\"inLanguage\":\"en-US\",\"potentialAction\":[{\"@type\":\"ReadAction\",\"target\":[\"http:\/\/hdj.com.pl\/\"]}]},{\"@type\":\"BreadcrumbList\",\"@id\":\"http:\/\/hdj.com.pl\/#breadcrumb\",\"itemListElement\":[{\"@type\":\"ListItem\",\"position\":1,\"name\":\"Home\",\"item\":\"http:\/\/hdj.com.pl\/\"},{\"@type\":\"ListItem\",\"position\":2,\"name\":\"O nas\"}]}]}<\/script>\n<!-- \/ Yoast SEO plugin. -->","yoast_head_json":{"title":"O nas -","robots":{"index":"index","follow":"follow","max-snippet":"max-snippet:-1","max-image-preview":"max-image-preview:large","max-video-preview":"max-video-preview:-1"},"canonical":"http:\/\/hdj.com.pl\/","og_locale":"en_US","og_type":"article","og_title":"O nas -","og_description":"O nas Naszym celem jest zrealizowanie projektu zgodnie z&nbsp;wysokimi oczekiwaniami inwestora, obowi\u0105zuj\u0105cymi przepisami prawa oraz wysok\u0105 jako\u015bci\u0105 wykonania. Dbamy o&nbsp;to, aby wszystkie prace by\u0142y prowadzone zgodnie z&nbsp;dokumentacj\u0105 i&nbsp;przy wysokiej jako\u015bci i&nbsp;nale\u017cytej staranno\u015bci. Weryfikujemy budow\u0119 zar\u00f3wno pod k\u0105tem technicznym, jak i&nbsp;finansowym. Oferujemy kompleksowe i&nbsp;profesjonalne wsparcie na ka\u017cdym etapie inwestycji. \u015awiadczymy us\u0142ugi &hellip;","og_url":"http:\/\/hdj.com.pl\/","article_modified_time":"2022-02-21T20:02:56+00:00","og_image":[{"url":"http:\/\/hdj.com.pl\/wp-content\/uploads\/2022\/02\/matt-reames-U6WuKgCYbKE-unsplash-1-5-1024x683.jpg"}],"twitter_card":"summary_large_image","twitter_misc":{"Est. reading time":"2 minutes"},"schema":{"@context":"https:\/\/schema.org","@graph":[{"@type":"WebSite","@id":"http:\/\/hdj.com.pl\/#website","url":"http:\/\/hdj.com.pl\/","name":"","description":"","potentialAction":[{"@type":"SearchAction","target":{"@type":"EntryPoint","urlTemplate":"http:\/\/hdj.com.pl\/?s={search_term_string}"},"query-input":"required name=search_term_string"}],"inLanguage":"en-US"},{"@type":"ImageObject","@id":"http:\/\/hdj.com.pl\/#primaryimage","inLanguage":"en-US","url":"http:\/\/hdj.com.pl\/wp-content\/uploads\/2022\/02\/matt-reames-U6WuKgCYbKE-unsplash-1-5-1024x683.jpg","contentUrl":"http:\/\/hdj.com.pl\/wp-content\/uploads\/2022\/02\/matt-reames-U6WuKgCYbKE-unsplash-1-5-1024x683.jpg"},{"@type":"WebPage","@id":"http:\/\/hdj.com.pl\/#webpage","url":"http:\/\/hdj.com.pl\/","name":"O nas -","isPartOf":{"@id":"http:\/\/hdj.com.pl\/#website"},"primaryImageOfPage":{"@id":"http:\/\/hdj.com.pl\/#primaryimage"},"datePublished":"2022-02-18T20:07:21+00:00","dateModified":"2022-02-21T20:02:56+00:00","breadcrumb":{"@id":"http:\/\/hdj.com.pl\/#breadcrumb"},"inLanguage":"en-US","potentialAction":[{"@type":"ReadAction","target":["http:\/\/hdj.com.pl\/"]}]},{"@type":"BreadcrumbList","@id":"http:\/\/hdj.com.pl\/#breadcrumb","itemListElement":[{"@type":"ListItem","position":1,"name":"Home","item":"http:\/\/hdj.com.pl\/"},{"@type":"ListItem","position":2,"name":"O nas"}]}]}},"_links":{"self":[{"href":"https:\/\/hdj.com.pl\/index.php?rest_route=\/wp\/v2\/pages\/109","targetHints":{"allow":["GET"]}}],"collection":[{"href":"https:\/\/hdj.com.pl\/index.php?rest_route=\/wp\/v2\/pages"}],"about":[{"href":"https:\/\/hdj.com.pl\/index.php?rest_route=\/wp\/v2\/types\/page"}],"author":[{"embeddable":true,"href":"https:\/\/hdj.com.pl\/index.php?rest_route=\/wp\/v2\/users\/2"}],"replies":[{"embeddable":true,"href":"https:\/\/hdj.com.pl\/index.php?rest_route=%2Fwp%2Fv2%2Fcomments&post=109"}],"version-history":[{"count":5,"href":"https:\/\/hdj.com.pl\/index.php?rest_route=\/wp\/v2\/pages\/109\/revisions"}],"predecessor-version":[{"id":134,"href":"https:\/\/hdj.com.pl\/index.php?rest_route=\/wp\/v2\/pages\/109\/revisions\/134"}],"wp:attachment":[{"href":"https:\/\/hdj.com.pl\/index.php?rest_route=%2Fwp%2Fv2%2Fmedia&parent=109"}],"curies":[{"name":"wp","href":"https:\/\/api.w.org\/{rel}","templated":true}]}}