{"id":10,"date":"2022-02-16T05:29:52","date_gmt":"2022-02-16T04:29:52","guid":{"rendered":"http:\/\/hdj.com.pl\/?page_id=10"},"modified":"2022-02-16T17:13:03","modified_gmt":"2022-02-16T16:13:03","slug":"ostatnie-realizacje","status":"publish","type":"page","link":"https:\/\/hdj.com.pl\/?page_id=10","title":{"rendered":"Ostatnie realizacje"},"content":{"rendered":"\n<p class=\"has-text-align-center has-primary-color has-text-color\"><strong>Je\u017celi szukaj\u0105 Pa\u0144stwo firmy, kt\u00f3ra zajmie si\u0119 zar\u00f3wno kontrol\u0105 jako\u015bci w fazie projektowania jak i koordynacj\u0105 prac na etapie realizacji inwestycji zach\u0119camy do skorzystania z naszych us\u0142ug. Jeste\u015bmy pewni, \u017ce mo\u017cemy sprosta\u0107 stoj\u0105cym przed nami wyzwaniom i chcemy wraz z Pa\u0144stwem uczestniczy\u0107 w procesie realizacji Pa\u0144stwa projektu.<\/strong><\/p>\n\n\n\n<p><strong><em>Pe\u0142nienie funkcji inspektora nadzoru inwestorskiego przy realizacji inwestycji budowlanej p<\/em><\/strong><strong><em>n. Przebudowa istniej\u0105cego budynku Politechniki \u0141\u00f3dzkiej na potrzeby punktu przedszkolno-\u017c\u0142obkowego, w systemie zaprojektuj i wybuduj.<\/em><\/strong><\/p>\n\n\n\n<p><strong><em>Zleceniodawca: <\/em><\/strong><strong>Politechnika \u0141\u00f3dzka<\/strong><\/p>\n\n\n\n<p><strong>Adres: ul. \u017beromskiego 116; 90-924 \u0141\u00f3d\u017a<\/strong><\/p>\n\n\n\n<p class=\"has-primary-color has-text-color has-link-color wp-elements-f788d5fd894940bdb601b407aba21eb7\">Realizujemy us\u0142ug\u0119 kompleksowego nadzoru inwestorskiego przy realizacji inwestycji budowlanej pn. Przebudowa istniej\u0105cego budynku Politechniki \u0141\u00f3dzkiej na potrzeby punktu przedszkolno-\u017c\u0142obkowego, w systemie zaprojektuj i wybuduj. Przedmiotem inwestycji jest wykonanie przebudowy, rozbudowy i nadbudowy istniej\u0105cego budynku znajduj\u0105cego si\u0119 na terenie Kampusu Politechniki \u0141\u00f3dzkiej, na potrzeby punktu przedszkolno-\u017c\u0142obkowego w systemie zaprojektuj i wybuduj. W ramach rob\u00f3t budowlanych wykonana zostanie przebudowa, rozbudowa i nadbudowa budynku A14 Politechniki \u0141\u00f3dzkiej wraz z ca\u0142\u0105 infrastruktur\u0105 techniczn\u0105 oraz z zagospodarowaniem dw\u00f3ch plac\u00f3w rekreacji na terenach wyznaczonych na Kampusie Politechniki \u0141\u00f3dzkiej.<\/p>\n\n\n\n<p><strong>Nadz\u00f3r inwestorski, wsparcie konsultingowe \/doradztwo\/ w zwi\u0105zku z realizacj\u0105 rozbudowy budynku biurowo-laboratoryjnego,<\/strong><\/p>\n\n\n\n<p><strong>Zleceniodawca: Sie\u0107 Badawcza \u0141uksiewicz &#8211; Instytut Lotnictwa<\/strong><\/p>\n\n\n\n<p><strong>Adres: Al. Krakowska 110\/114; Warszawa<\/strong><\/p>\n\n\n\n<p class=\"has-primary-color has-text-color\">Wsp\u00f3lnie z firm\u0105 MJL Micha\u0142 Lesiak realizujemy us\u0142ug\u0119 pe\u0142nienia obowi\u0105zk\u00f3w nadzoru inwestorskiego przy rozbudowie budynku biurowo-laboratoryjnego na terenie Instytutu Lotnictwa \u2013 \u0141ukasiewicz &#8211; ILOT w ramach projektu \u201eCentrum Laboratoryjne Nap\u0119d\u00f3w Rakietowych i Satelitarnych\u201d. &nbsp;W ramach swoich obowi\u0105zk\u00f3w odpowiadamy za nadz\u00f3r inwestorski oraz wsparcie konsultingowe przy realizacji budynku biurowo-laboratoryjnego.<\/p>\n\n\n\n<p class=\"has-primary-color has-text-color\">Przedmiotem projektu jest rozbudowa budynku laboratoryjnego wykorzystywanego w&nbsp;\u0141ukasiewicz \u2013 Instytucie Lotnictwa przez&nbsp;Zak\u0142ad Technologii Kosmicznych i&nbsp;wyposa\u017cenie go w&nbsp;aparatur\u0119 naukowo-badawcz\u0105. Planowany w&nbsp;ramach projektu 3 kondygnacyjny budynek o powierzchni ok. 1200 m2. pomie\u015bci szereg laboratori\u00f3w, w&nbsp;tym m.in.&nbsp;hamownia silnik\u00f3w rakietowych, laboratorium podsystem\u00f3w rakietowych, laboratorium satelitarnych nap\u0119d\u00f3w korekcyjnych oraz&nbsp;laboratorium materia\u0142\u00f3w p\u0119dnych.<\/p>\n\n\n\n<p class=\"has-primary-color has-text-color\">Projekt jest wsp\u00f3\u0142finansowany z&nbsp;Europejskiego Funduszu Rozwoju Regionalnego w&nbsp;ramach: Osi Priorytetowej I&nbsp;\u201eWykorzystanie dzia\u0142alno\u015bci badawczo-rozwojowej w&nbsp;gospodarce\u201d Dzia\u0142ania 1.1 \u201eDzia\u0142alno\u015b\u0107 badawczo-rozwojowa jednostek naukowych\u201d Regionalnego Programu Operacyjnego Wojew\u00f3dztwa Mazowieckiego na&nbsp;lata 2014-2020.<\/p>\n\n\n\n<figure class=\"wp-block-image size-full\"><img loading=\"lazy\" decoding=\"async\" width=\"707\" height=\"527\" src=\"http:\/\/hdj.com.pl\/wp-content\/uploads\/2022\/02\/Zrzut-ekranu-2022-02-16-165719.png\" alt=\"\" class=\"wp-image-36\" srcset=\"https:\/\/hdj.com.pl\/wp-content\/uploads\/2022\/02\/Zrzut-ekranu-2022-02-16-165719.png 707w, https:\/\/hdj.com.pl\/wp-content\/uploads\/2022\/02\/Zrzut-ekranu-2022-02-16-165719-300x224.png 300w\" sizes=\"auto, (max-width: 707px) 100vw, 707px\" \/><\/figure>\n\n\n\n<p><strong>Pe\u0142nienie funkcji inspektora nadzoru inwestorskiego nad realizacj\u0105 zadania pn<em>.: \u201eBudowa krytej p\u0142ywalni na terenie Miasta Sulej\u00f3wek\u201d;<\/em><\/strong><\/p>\n\n\n\n<p><strong><em>Zleceniodawca: <\/em>Miasto Sulej\u00f3wek Adres: ul. Dworcowa 55; Sulej\u00f3wek<\/strong><\/p>\n\n\n\n<p class=\"has-primary-color has-text-color\">Wsp\u00f3lnie z firm\u0105 MJL Micha\u0142 Lesiak realizujemy zadanie dotycz\u0105ce pe\u0142nienia wielobran\u017cowego nadzoru inwestorskiego przy budowie krytej p\u0142ywalni na terenie Miasta Sulej\u00f3wek. W ramach pe\u0142nionych zada\u0144, jeste\u015bmy odpowiedzialni za nadz\u00f3r w bran\u017cach: architektonicznej, konstrukcyjnej, sanitarnej, elektrycznej, drogowej oraz telekomunikacyjnej. W sk\u0142ad realizowanego obiektu, o \u0142\u0105cznej kubaturze niemal 15 tys. m<sup>3<\/sup> wchodz\u0105: &#8211; basen p\u0142ywacki o powierzchni 250 m2, &#8211; basen rekreacyjny oraz brodzik dla dzieci, &#8211; sala fitness, &#8211; kompleks saunowy z uk\u0142adem szatniowo-sanitarnym, &#8211; rura zjazdowa o d\u0142ugo\u015bci 70 m, &#8211; pomieszczenia biurowe.<\/p>\n\n\n\n<p class=\"has-primary-color has-text-color\">Warto\u015b\u0107 realizowanych rob\u00f3t budowlanych to 18 450 000 z\u0142.<\/p>\n\n\n\n<figure class=\"wp-block-image size-full\"><img loading=\"lazy\" decoding=\"async\" width=\"753\" height=\"427\" src=\"http:\/\/hdj.com.pl\/wp-content\/uploads\/2022\/02\/Zrzut-ekranu-2022-02-16-170330.png\" alt=\"\" class=\"wp-image-42\" srcset=\"https:\/\/hdj.com.pl\/wp-content\/uploads\/2022\/02\/Zrzut-ekranu-2022-02-16-170330.png 753w, https:\/\/hdj.com.pl\/wp-content\/uploads\/2022\/02\/Zrzut-ekranu-2022-02-16-170330-300x170.png 300w\" sizes=\"auto, (max-width: 753px) 100vw, 753px\" \/><\/figure>\n\n\n\n<p><strong>\u201ePe\u0142nienie funkcji inspektora nadzoru nad inwestycj\u0105 pn.: Remont Dworca kolejowego w ramach zadania inwestycyjnego pn. Polska Szko\u0142a Ekologii-Utworzenie Interdyscyplinarnego Centrum Odpowiedzialnej Edukacji Ekologicznej\u201d;<\/strong><\/p>\n\n\n\n<p><strong>Zleceniodawca: Miasto Sulej\u00f3wek<\/strong><\/p>\n\n\n\n<p><strong>Adres: ul. Dworcowa 55; Sulej\u00f3wek<\/strong><\/p>\n\n\n\n<p class=\"has-primary-color has-text-color\">Wsp\u00f3lnie z firm\u0105 MJL Micha\u0142 Lesiak realizujemy us\u0142ug\u0119 pe\u0142nienia funkcji inspektora nadzoru nad inwestycj\u0105 pn.: Remont Dworca kolejowego w ramach zadania inwestycyjnego pn. Polska Szko\u0142a Ekologii-Utworzenie Interdyscyplinarnego Centrum Odpowiedzialnej Edukacji Ekologicznej.<\/p>\n\n\n\n<p class=\"has-primary-color has-text-color\">W ramach projektu wykonany zostanie remont dworca w Sulej\u00f3wku, w kt\u00f3rym zainstalowane zostanie pierwsze w Europie profesjonalne edukacyjne kino Virtual Reality po\u015bwi\u0119cone w ca\u0142o\u015bci dziedzictwu przyrodniczemu Polski.<\/p>\n\n\n\n<p class=\"has-primary-color has-text-color\">Zadanie realizowane jest w systemie zaprojektuj i wybuduj i zak\u0142ada wykonanie rob\u00f3t remontowych zabytkowego dworca kolejowego po\u0142o\u017conego w Sulej\u00f3wku wraz z zagospodarowaniem terenu, budow\u0105 miejsc parkingowych i wykonaniem ogrodzenia. Przedmiot zam\u00f3wienia obejmuje zakup, dostaw\u0119, monta\u017c i instalacj\u0119 18 foteli z platformami, obs\u0142uguj\u0105cym kino 7D. W ramach zadania wykonane zostanie tak\u017ce naziemne miejsca parkingowe.<\/p>\n\n\n\n<figure class=\"wp-block-image size-full\"><img loading=\"lazy\" decoding=\"async\" width=\"752\" height=\"463\" src=\"http:\/\/hdj.com.pl\/wp-content\/uploads\/2022\/02\/Zrzut-ekranu-2022-02-16-170921.png\" alt=\"\" class=\"wp-image-43\" srcset=\"https:\/\/hdj.com.pl\/wp-content\/uploads\/2022\/02\/Zrzut-ekranu-2022-02-16-170921.png 752w, https:\/\/hdj.com.pl\/wp-content\/uploads\/2022\/02\/Zrzut-ekranu-2022-02-16-170921-300x185.png 300w\" sizes=\"auto, (max-width: 752px) 100vw, 752px\" \/><\/figure>\n\n\n\n<p><strong><em>Pe\u0142nienie funkcji inspektora nadzoru inwestorskiego przy realizacji inwestycji pn. \u201eRewitalizacja budynk\u00f3w przy ul. Stanis\u0142awa Moniuszki nr 27-29 w Wa\u0142brzychu\u201d<\/em><\/strong><\/p>\n\n\n\n<p><strong><em>Zleceniodawca: <\/em><\/strong>&nbsp;<strong>Wsp\u00f3lnota Mieszkaniowa przy ul. Stanis\u0142awa Moniuszki 27-29 w Wa\u0142brzychu<\/strong><\/p>\n\n\n\n<p class=\"has-primary-color has-text-color\">Realizujemy us\u0142ug\u0119 inspektora nadzoru inwestorskiego przy realizacji inwestycji pn. \u201eRewitalizacja budynk\u00f3w przy ul. Stanis\u0142awa Moniuszki nr 27-29 w Wa\u0142brzychu\u201d.Przedmiotem zam\u00f3wienia jest przeprowadzenie dzia\u0142a\u0144 maj\u0105cych na celu popraw\u0119 stanu technicznego budynk\u00f3w przy ul. Stanis\u0142awa Moniuszki 27-29 w Wa\u0142brzychu.<\/p>\n\n\n\n<p class=\"has-primary-color has-text-color\">Zakres rzeczowy rob\u00f3t obj\u0119tych zam\u00f3wieniem obejmuje remont elewacji wraz z dociepleniem budynk\u00f3w, w tym: roboty przygotowawcze, wzmocnienie i naprawa sp\u0119ka\u0144 budynek nr 27, rekonstrukcja detali architektonicznych, elewacja frontowa &#8211; budynek 27 i 29, elewacja tylna &#8211; budynek 27 i 29, elewacja boczna budynek nr 27, elewacja boczna budynku nr 29 i \u015bciany tunelu, elewacja budynku przyleg\u0142ego do nr 27 ( razem z kominem i schodami), wymiana opasek wok\u00f3\u0142 budynku i nawierzchni w tunelu, wymiana stolarki okiennej, wymiana stolarki drzwiowej, roboty wyko\u0144czeniowe, odwodnienie budynk\u00f3w, udogodnienia dla os\u00f3b niepe\u0142nosprawnych, remont elewacji bocznej z dociepleniem w budynku.<\/p>\n\n\n\n<p class=\"has-primary-color has-text-color\">Projekt realizowany jest w ramach Osi priorytetowej 6. Infrastruktura sp\u00f3jno\u015bci spo\u0142ecznej, Dzia\u0142anie 6.3 Rewitalizacja zdegradowanych obszar\u00f3w, Poddzia\u0142anie 6.3.4 Rewitalizacja zdegradowanych obszar\u00f3w \u2013 ZIT AW Regionalnego Programu Operacyjnego Wojew\u00f3dztwa Dolno\u015bl\u0105skiego 2014-2020.<\/p>\n\n\n\n<p><strong><em>Pe\u0142nienie funkcji inspektora nadzoru inwestorskiego przy realizacji inwestycji pn.&nbsp; \u201eRemont cz\u0119\u015bci wsp\u00f3lnych kamienicy Wsp\u00f3lnoty Mieszkaniowej przy ul. Dojazdowej 1 w Wa\u0142brzychu\u201d<\/em><\/strong><\/p>\n\n\n\n<p><strong><em>Zleceniodawca: <\/em>Wsp\u00f3lnota Mieszkaniowa przy ul. Dojazdowej 1 w Wa\u0142brzychu.<\/strong><\/p>\n\n\n\n<p class=\"has-primary-color has-text-color\">Realizujemy us\u0142ug\u0119 inspektora nadzoru inwestorskiego przy realizacji inwestycji pn. <strong><em>\u201eRemont cz\u0119\u015bci <\/em><\/strong>wsp\u00f3lnych kamienicy Wsp\u00f3lnoty Mieszkaniowej przy ul. Dojazdowej 1 w Wa\u0142brzychu\u201d. Przedmiotem zam\u00f3wienia jest remont cz\u0119\u015bci wsp\u00f3lnych kamienicy przy ul. Dojazdowej 1.<\/p>\n\n\n\n<p class=\"has-primary-color has-text-color\">Zakres zam\u00f3wienia obejmuje prace rewitalizacyjne zwi\u0105zane z remontem elewacji, wymian\u0105 instalacji elektrycznej, popraw\u0105 efektywno\u015bci energetycznej m.in. poprzez prace termomodernizacyjne, dostosowanie obiektu do potrzeb os\u00f3b niepe\u0142nosprawnych.<\/p>\n\n\n\n<p class=\"has-primary-color has-text-color\">Projekt realizowany jest w ramach Osi priorytetowej 6. Infrastruktura sp\u00f3jno\u015bci spo\u0142ecznej, Dzia\u0142anie 6.3 Rewitalizacja zdegradowanych obszar\u00f3w, Poddzia\u0142anie 6.3.4 Rewitalizacja zdegradowanych obszar\u00f3w \u2013 ZIT AW Regionalnego Programu Operacyjnego Wojew\u00f3dztwa Dolno\u015bl\u0105skiego 2014-2020.<\/p>\n","protected":false},"excerpt":{"rendered":"<p>Je\u017celi szukaj\u0105 Pa\u0144stwo firmy, kt\u00f3ra zajmie si\u0119 zar\u00f3wno kontrol\u0105 jako\u015bci w fazie projektowania jak i koordynacj\u0105 prac na etapie realizacji inwestycji zach\u0119camy do skorzystania z naszych us\u0142ug. Jeste\u015bmy pewni, \u017ce mo\u017cemy sprosta\u0107 stoj\u0105cym przed nami wyzwaniom i chcemy wraz z Pa\u0144stwem uczestniczy\u0107 w procesie realizacji Pa\u0144stwa projektu. Pe\u0142nienie funkcji inspektora &hellip;<\/p>\n","protected":false},"author":2,"featured_media":0,"parent":0,"menu_order":0,"comment_status":"closed","ping_status":"closed","template":"","meta":{"footnotes":""},"class_list":["post-10","page","type-page","status-publish","hentry"],"yoast_head":"<!-- This site is optimized with the Yoast SEO plugin v18.1 - https:\/\/yoast.com\/wordpress\/plugins\/seo\/ -->\n<title>Ostatnie realizacje -<\/title>\n<meta name=\"robots\" content=\"index, follow, max-snippet:-1, max-image-preview:large, max-video-preview:-1\" \/>\n<link rel=\"canonical\" href=\"https:\/\/hdj.com.pl\/?page_id=10\" \/>\n<meta property=\"og:locale\" content=\"en_US\" \/>\n<meta property=\"og:type\" content=\"article\" \/>\n<meta property=\"og:title\" content=\"Ostatnie realizacje -\" \/>\n<meta property=\"og:description\" content=\"Je\u017celi szukaj\u0105 Pa\u0144stwo firmy, kt\u00f3ra zajmie si\u0119 zar\u00f3wno kontrol\u0105 jako\u015bci w fazie projektowania jak i koordynacj\u0105 prac na etapie realizacji inwestycji zach\u0119camy do skorzystania z naszych us\u0142ug. Jeste\u015bmy pewni, \u017ce mo\u017cemy sprosta\u0107 stoj\u0105cym przed nami wyzwaniom i chcemy wraz z Pa\u0144stwem uczestniczy\u0107 w procesie realizacji Pa\u0144stwa projektu. Pe\u0142nienie funkcji inspektora &hellip;\" \/>\n<meta property=\"og:url\" content=\"https:\/\/hdj.com.pl\/?page_id=10\" \/>\n<meta property=\"article:modified_time\" content=\"2022-02-16T16:13:03+00:00\" \/>\n<meta property=\"og:image\" content=\"http:\/\/hdj.com.pl\/wp-content\/uploads\/2022\/02\/Zrzut-ekranu-2022-02-16-165719.png\" \/>\n<meta name=\"twitter:card\" content=\"summary_large_image\" \/>\n<meta name=\"twitter:label1\" content=\"Est. reading time\" \/>\n\t<meta name=\"twitter:data1\" content=\"6 minutes\" \/>\n<script type=\"application\/ld+json\" class=\"yoast-schema-graph\">{\"@context\":\"https:\/\/schema.org\",\"@graph\":[{\"@type\":\"WebSite\",\"@id\":\"http:\/\/hdj.com.pl\/#website\",\"url\":\"http:\/\/hdj.com.pl\/\",\"name\":\"\",\"description\":\"\",\"potentialAction\":[{\"@type\":\"SearchAction\",\"target\":{\"@type\":\"EntryPoint\",\"urlTemplate\":\"http:\/\/hdj.com.pl\/?s={search_term_string}\"},\"query-input\":\"required name=search_term_string\"}],\"inLanguage\":\"en-US\"},{\"@type\":\"ImageObject\",\"@id\":\"https:\/\/hdj.com.pl\/?page_id=10#primaryimage\",\"inLanguage\":\"en-US\",\"url\":\"http:\/\/hdj.com.pl\/wp-content\/uploads\/2022\/02\/Zrzut-ekranu-2022-02-16-165719.png\",\"contentUrl\":\"http:\/\/hdj.com.pl\/wp-content\/uploads\/2022\/02\/Zrzut-ekranu-2022-02-16-165719.png\"},{\"@type\":\"WebPage\",\"@id\":\"https:\/\/hdj.com.pl\/?page_id=10#webpage\",\"url\":\"https:\/\/hdj.com.pl\/?page_id=10\",\"name\":\"Ostatnie realizacje -\",\"isPartOf\":{\"@id\":\"http:\/\/hdj.com.pl\/#website\"},\"primaryImageOfPage\":{\"@id\":\"https:\/\/hdj.com.pl\/?page_id=10#primaryimage\"},\"datePublished\":\"2022-02-16T04:29:52+00:00\",\"dateModified\":\"2022-02-16T16:13:03+00:00\",\"breadcrumb\":{\"@id\":\"https:\/\/hdj.com.pl\/?page_id=10#breadcrumb\"},\"inLanguage\":\"en-US\",\"potentialAction\":[{\"@type\":\"ReadAction\",\"target\":[\"https:\/\/hdj.com.pl\/?page_id=10\"]}]},{\"@type\":\"BreadcrumbList\",\"@id\":\"https:\/\/hdj.com.pl\/?page_id=10#breadcrumb\",\"itemListElement\":[{\"@type\":\"ListItem\",\"position\":1,\"name\":\"Home\",\"item\":\"http:\/\/hdj.com.pl\/\"},{\"@type\":\"ListItem\",\"position\":2,\"name\":\"Ostatnie realizacje\"}]}]}<\/script>\n<!-- \/ Yoast SEO plugin. -->","yoast_head_json":{"title":"Ostatnie realizacje -","robots":{"index":"index","follow":"follow","max-snippet":"max-snippet:-1","max-image-preview":"max-image-preview:large","max-video-preview":"max-video-preview:-1"},"canonical":"https:\/\/hdj.com.pl\/?page_id=10","og_locale":"en_US","og_type":"article","og_title":"Ostatnie realizacje -","og_description":"Je\u017celi szukaj\u0105 Pa\u0144stwo firmy, kt\u00f3ra zajmie si\u0119 zar\u00f3wno kontrol\u0105 jako\u015bci w fazie projektowania jak i koordynacj\u0105 prac na etapie realizacji inwestycji zach\u0119camy do skorzystania z naszych us\u0142ug. Jeste\u015bmy pewni, \u017ce mo\u017cemy sprosta\u0107 stoj\u0105cym przed nami wyzwaniom i chcemy wraz z Pa\u0144stwem uczestniczy\u0107 w procesie realizacji Pa\u0144stwa projektu. Pe\u0142nienie funkcji inspektora &hellip;","og_url":"https:\/\/hdj.com.pl\/?page_id=10","article_modified_time":"2022-02-16T16:13:03+00:00","og_image":[{"url":"http:\/\/hdj.com.pl\/wp-content\/uploads\/2022\/02\/Zrzut-ekranu-2022-02-16-165719.png"}],"twitter_card":"summary_large_image","twitter_misc":{"Est. reading time":"6 minutes"},"schema":{"@context":"https:\/\/schema.org","@graph":[{"@type":"WebSite","@id":"http:\/\/hdj.com.pl\/#website","url":"http:\/\/hdj.com.pl\/","name":"","description":"","potentialAction":[{"@type":"SearchAction","target":{"@type":"EntryPoint","urlTemplate":"http:\/\/hdj.com.pl\/?s={search_term_string}"},"query-input":"required name=search_term_string"}],"inLanguage":"en-US"},{"@type":"ImageObject","@id":"https:\/\/hdj.com.pl\/?page_id=10#primaryimage","inLanguage":"en-US","url":"http:\/\/hdj.com.pl\/wp-content\/uploads\/2022\/02\/Zrzut-ekranu-2022-02-16-165719.png","contentUrl":"http:\/\/hdj.com.pl\/wp-content\/uploads\/2022\/02\/Zrzut-ekranu-2022-02-16-165719.png"},{"@type":"WebPage","@id":"https:\/\/hdj.com.pl\/?page_id=10#webpage","url":"https:\/\/hdj.com.pl\/?page_id=10","name":"Ostatnie realizacje -","isPartOf":{"@id":"http:\/\/hdj.com.pl\/#website"},"primaryImageOfPage":{"@id":"https:\/\/hdj.com.pl\/?page_id=10#primaryimage"},"datePublished":"2022-02-16T04:29:52+00:00","dateModified":"2022-02-16T16:13:03+00:00","breadcrumb":{"@id":"https:\/\/hdj.com.pl\/?page_id=10#breadcrumb"},"inLanguage":"en-US","potentialAction":[{"@type":"ReadAction","target":["https:\/\/hdj.com.pl\/?page_id=10"]}]},{"@type":"BreadcrumbList","@id":"https:\/\/hdj.com.pl\/?page_id=10#breadcrumb","itemListElement":[{"@type":"ListItem","position":1,"name":"Home","item":"http:\/\/hdj.com.pl\/"},{"@type":"ListItem","position":2,"name":"Ostatnie realizacje"}]}]}},"_links":{"self":[{"href":"https:\/\/hdj.com.pl\/index.php?rest_route=\/wp\/v2\/pages\/10","targetHints":{"allow":["GET"]}}],"collection":[{"href":"https:\/\/hdj.com.pl\/index.php?rest_route=\/wp\/v2\/pages"}],"about":[{"href":"https:\/\/hdj.com.pl\/index.php?rest_route=\/wp\/v2\/types\/page"}],"author":[{"embeddable":true,"href":"https:\/\/hdj.com.pl\/index.php?rest_route=\/wp\/v2\/users\/2"}],"replies":[{"embeddable":true,"href":"https:\/\/hdj.com.pl\/index.php?rest_route=%2Fwp%2Fv2%2Fcomments&post=10"}],"version-history":[{"count":8,"href":"https:\/\/hdj.com.pl\/index.php?rest_route=\/wp\/v2\/pages\/10\/revisions"}],"predecessor-version":[{"id":49,"href":"https:\/\/hdj.com.pl\/index.php?rest_route=\/wp\/v2\/pages\/10\/revisions\/49"}],"wp:attachment":[{"href":"https:\/\/hdj.com.pl\/index.php?rest_route=%2Fwp%2Fv2%2Fmedia&parent=10"}],"curies":[{"name":"wp","href":"https:\/\/api.w.org\/{rel}","templated":true}]}}